{"id":8046,"date":"2019-01-16T16:10:53","date_gmt":"2019-01-16T14:10:53","guid":{"rendered":"https:\/\/tuaregviatges.es\/viajes\/?page_id=8046"},"modified":"2019-02-06T14:21:10","modified_gmt":"2019-02-06T12:21:10","slug":"auroras-boreales-en-finlandia","status":"publish","type":"page","link":"https:\/\/tuaregviatges.es\/viajes\/auroras-boreales-en-finlandia\/","title":{"rendered":"Auroras Boreales en Finlandia"},"content":{"rendered":"\r\n<p>Los meses con menos horas de cielo nocturno en <a href=\"https:\/\/tuaregviatges.es\/europa_finlandia.html\">Finlandia<\/a> son mayo, junio, julio y agosto y es cuando menos posibilidades hay de <a href=\"https:\/\/tuaregviatges.es\/astronomia\/\"><strong>ver auroras boreales<\/strong><\/a>. La raz\u00f3n es muy sencilla, hay demasiadas horas de luz. A medida que llega el fr\u00edo las noches se hacen m\u00e1s largas y la situaci\u00f3n se revierte.\u00a0A finales de septiembre empieza el invierno, que nos acompa\u00f1ar\u00e1 durante los meses de octubre, noviembre, diciembre y enero.<\/p>\r\n<p>Durante los meses de diciembre y enero, la noche polar (o Kaamos), deja sin luz las regiones al norte del c\u00edrculo polar \u00e1rtico, llegando a casi 2 meses de oscuridad en el polo norte.<\/p>\r\n<p><iframe loading=\"lazy\" src=\"https:\/\/www.youtube.com\/embed\/TD3UbdTkDWg\" width=\"560\" height=\"315\" frameborder=\"0\" allowfullscreen=\"allowfullscreen\"><span data-mce-type=\"bookmark\" style=\"display: inline-block; width: 0px; overflow: hidden; line-height: 0;\" class=\"mce_SELRES_start\">\ufeff<\/span><\/iframe><\/p>\r\n<h3>Marzo, <a href=\"https:\/\/tuaregviatges.es\/viajes\/finlandia-mejor-epoca-para-ver-auroras-boreales\/\">la mejor \u00e9poca para ver Auroras Boreales<\/a> en Finlandia<\/h3>\r\n<p>A partir de febrero, la luz del sol empezar\u00e1 a regresar progresivamente, <strong>coincidiendo con el punto m\u00e1s \u00e1lgido de la formaci\u00f3n de Auroras Boreales<\/strong>.<\/p>\r\n<blockquote>\r\n<p>Marzo es la <a href=\"https:\/\/tuaregviatges.es\/viajes\/viajes-marzo-finlandia-y-auroras-boreales\">mejor \u00e9poca para viajar a Finlandia<\/a>; tenemos luz durante el d\u00eda para realizar actividades, y por la noche, suficientes horas de oscuridad para disfrutar de las Auroras Boreales.<\/p>\r\n<\/blockquote>\r\n<figure id=\"attachment_7863\" class=\"thumbnail wp-caption aligncenter\" style=\"width: 722px\"><a href=\"https:\/\/tuaregviatges.es\/viajes\/finlandia-mejor-epoca-para-ver-auroras-boreales\/\"><img loading=\"lazy\" decoding=\"async\" class=\"wp-image-7863 size-full\" title=\"Mejor epoca Auroras Boreales Finlandia\" src=\"https:\/\/tuaregviatges.es\/viajes\/wp-content\/uploads\/2018\/11\/Auroras-Finlandia-Post.jpg\" alt=\"Mejor epoca Auroras Boreales Finlandia\" width=\"712\" height=\"400\" srcset=\"https:\/\/tuaregviatges.es\/viajes\/wp-content\/uploads\/2018\/11\/Auroras-Finlandia-Post.jpg 712w, https:\/\/tuaregviatges.es\/viajes\/wp-content\/uploads\/2018\/11\/Auroras-Finlandia-Post-300x169.jpg 300w\" sizes=\"auto, (max-width: 712px) 100vw, 712px\" \/><\/a><figcaption class=\"caption wp-caption-text\">Mejor epoca Auroras Boreales Finlandia<\/figcaption><\/figure>\r\n<p>Bajo la direcci\u00f3n t\u00e9cnica del fot\u00f3grafo I. Rovira <a href=\"https:\/\/tuaregviatges.es\/europa\/viajes_a_finlandia\/Auroras_Boreales_en_Saariselka_con_Juan_Carlos_Casado.htm\">viajaremos a Finlandia para la observaci\u00f3n de Auroras Boreales<\/a>, disfrutando durante el d\u00eda de un excitante programa de aventuras invernales.\u00a0Ignasi acompa\u00f1a al grupo en las <strong>excursiones<\/strong>, organiza <strong>talleres sobre astronom\u00eda y fotograf\u00eda<\/strong> para las tardes en el hotel y, por la noche, nos ayuda a observar y <strong>entender ese maravilloso fen\u00f3meno que son las Auroras Boreales<\/strong>.<\/p>\r\n<blockquote>\r\n<p>Las <a href=\"https:\/\/tuaregviatges.es\/astronomia\/\">auroras boreales<\/a> constituyen uno de los grandes espect\u00e1culos naturales que se pueden observar desde nuestro planeta.<\/p>\r\n<\/blockquote>\r\n<p>Las auroras boreales solo pueden verse desde unas zonas espec\u00edficas del planeta que se encuentran en una banda alrededor de los polos. Esta zona abarca, en el hemisferio norte, la zona septentrional de los pa\u00edses n\u00f3rdicos, <a href=\"https:\/\/tuaregviatges.es\/europa_groenlandia.html\">Groenlandia<\/a>, <a href=\"https:\/\/tuaregviatges.es\/europa_islandia.html\">Islandia<\/a>, <a href=\"https:\/\/tuaregviatges.es\/america_canada.html\">Canad\u00e1<\/a> y <a href=\"https:\/\/tuaregviatges.es\/asia_rusia.html\">norte de Siberia<\/a>.<\/p>\r\n<figure id=\"attachment_7856\" class=\"thumbnail wp-caption aligncenter\" style=\"width: 2010px\"><a href=\"https:\/\/tuaregviatges.es\/europa\/viajes_a_finlandia\/Auroras_Boreales_en_Saariselka_con_Juan_Carlos_Casado.htm\"><img loading=\"lazy\" decoding=\"async\" class=\"wp-image-7856 size-full\" title=\"Auroras Boreales en Saariselka. Viaje a Finl\u00e0ndia\" src=\"https:\/\/tuaregviatges.es\/viajes\/wp-content\/uploads\/2018\/11\/Auroras-Boreales-en-Finlandia-con-Tuareg-2.jpg\" alt=\"Auroras Boreales en Saariselka. Viaje a Finl\u00e0ndia\" width=\"2000\" height=\"1335\" srcset=\"https:\/\/tuaregviatges.es\/viajes\/wp-content\/uploads\/2018\/11\/Auroras-Boreales-en-Finlandia-con-Tuareg-2.jpg 2000w, https:\/\/tuaregviatges.es\/viajes\/wp-content\/uploads\/2018\/11\/Auroras-Boreales-en-Finlandia-con-Tuareg-2-300x200.jpg 300w, https:\/\/tuaregviatges.es\/viajes\/wp-content\/uploads\/2018\/11\/Auroras-Boreales-en-Finlandia-con-Tuareg-2-768x513.jpg 768w, https:\/\/tuaregviatges.es\/viajes\/wp-content\/uploads\/2018\/11\/Auroras-Boreales-en-Finlandia-con-Tuareg-2-1024x684.jpg 1024w\" sizes=\"auto, (max-width: 2000px) 100vw, 2000px\" \/><\/a><figcaption class=\"caption wp-caption-text\">Auroras Boreales en Saariselka. Viaje a Finl\u00e0ndia<\/figcaption><\/figure>\r\n<h3>\u00bfPorqu\u00e9 Saariselka? \u00bfQu\u00e9 tiene de especial?<\/h3>\r\n<p>Despu\u00e9s de estudiar diferentes opciones, <strong>elegimos Saariselka por su idoneidad en la visibilidad<\/strong> de esta maravilla de la naturaleza y su buena accesibilidad.<\/p>\r\n<p>Adem\u00e1s de <a href=\"https:\/\/tuaregviatges.es\/europa\/viajes_a_finlandia\/Auroras_Boreales_en_Saariselka_con_Juan_Carlos_Casado.htm\"><strong>la observaci\u00f3n de Auroras por la noche<\/strong><\/a>, durante el d\u00eda se hacen actividades invernales. Algunas como el paseo en trineo de reno, son tranquilas, sin embargo otras, como el paseo con raquetas de nieve, parecen necesitar condiciones f\u00edsicas.<\/p>\r\n<h3>\u00bfTodo el mundo puede hacer las actividades o hay que tener condiciones f\u00edsicas especiales?<\/h3>\r\n<p>No es necesaria ninguna condici\u00f3n f\u00edsica especial. Las actividades se hacen al ritmo de todos y est\u00e1n supervisadas en todo momento por gu\u00edas expertos. Quiero remarcar precisamente la variedad de estas actividades, lo que las hace atractivas y divertidas.<\/p>\r\n<figure id=\"attachment_6145\" class=\"thumbnail wp-caption aligncenter\" style=\"width: 2010px\"><a href=\"https:\/\/tuaregviatges.es\/europa\/viajes_a_finlandia\/Auroras_Boreales_en_Saariselka_con_Juan_Carlos_Casado.htm\"><img loading=\"lazy\" decoding=\"async\" class=\"size-full wp-image-6145\" src=\"https:\/\/tuaregviatges.es\/viajes\/wp-content\/uploads\/2017\/12\/trineo.jpg\" alt=\"Las actividades se hacen al ritmo de todos y est\u00e1n supervisadas en todo momento por gu\u00edas expertos.\" width=\"2000\" height=\"1333\" srcset=\"https:\/\/tuaregviatges.es\/viajes\/wp-content\/uploads\/2017\/12\/trineo.jpg 2000w, https:\/\/tuaregviatges.es\/viajes\/wp-content\/uploads\/2017\/12\/trineo-300x200.jpg 300w, https:\/\/tuaregviatges.es\/viajes\/wp-content\/uploads\/2017\/12\/trineo-768x512.jpg 768w, https:\/\/tuaregviatges.es\/viajes\/wp-content\/uploads\/2017\/12\/trineo-1024x682.jpg 1024w\" sizes=\"auto, (max-width: 2000px) 100vw, 2000px\" \/><\/a><figcaption class=\"caption wp-caption-text\">Las actividades se hacen al ritmo de todos y est\u00e1n supervisadas en todo momento por gu\u00edas expertos.<\/figcaption><\/figure>\r\n<p>Por otra parte por la tarde, tendremos tiempo para visionar las fotograf\u00edas obtenidas y <a href=\"https:\/\/tuaregviatges.es\/viajes\/finlandia-mejor-epoca-para-ver-auroras-boreales\/\">preparar la observaci\u00f3n de las auroras<\/a>.<\/p>\r\n<h3>\u00bfHay que llevar alguna ropa especial?<\/h3>\r\n<p>Para viajar a Finlandia en Invierno es de sentido com\u00fan llevar ropa de abrigo adecuada, pero es muy importante para el fr\u00edo, las manos, los pies y la cabeza. En el refugio <strong>nos dan un equipo t\u00e9rmico<\/strong> consistente en un mono integral con botas para todos los d\u00edas de nuestra estancia, con los que podremos <strong>realizar la observaci\u00f3n de las auroras confortablemente<\/strong> bajo el rigor de la noche finlandesa con temperaturas muy por debajo de los 0\u00ba.<\/p>\r\n<figure class=\"thumbnail wp-caption aligncenter\" style=\"width: 410px\"><a href=\"https:\/\/tuaregviatges.es\/viajes\/viajes-marzo-finlandia-y-auroras-boreales\"><img loading=\"lazy\" decoding=\"async\" class=\"size-full\" src=\"https:\/\/tuaregviatges.es\/articulos\/fotografia\/entrevista_con_juan_carlos_casado_especialista_en_la_captura_de_paisajes_celestes-foto-3-9.jpg\" alt=\"Marzo, la mejor \u00e9poca para ver Auroras Boreales en Finlandia\" width=\"400\" height=\"468\" \/><\/a><figcaption class=\"caption wp-caption-text\">Marzo, la mejor \u00e9poca para ver Auroras Boreales en Finlandia<\/figcaption><\/figure>\r\n<p><script type=\"application\/ld+json\"><br \/>\r\n{<br \/>\r\n  \"@context\": \"http:\/\/schema.org\",<br \/>\r\n  \"@type\": \"Event\",<br \/>\r\n  \"name\": \"Auroras Boreales en Finlandia\",<br \/>\r\n  \"description\": \"Auroras Boreales en Saariselka con Ignasi Rovira\",<br \/>\r\n  \"url\": \"https:\/\/tuaregviatges.es\/europa\/viajes_a_finlandia\/Auroras_Boreales_en_Saariselka_con_Juan_Carlos_Casado.htm\",<br \/>\r\n  \"image\": \"https:\/\/tuaregviatges.es\/europa\/viajes_a_finlandia\/thumbg\/viajes_a_Auroras_Boreales_en_Saariselka_con_Juan_Carlos_Casado-1.jpg\",<br \/>\r\n    \"startDate\": \"2019-03-01\",<br \/>\r\n  \"endDate\": \"2019-04-01\",<br \/>\r\n  \"performer\": {<br \/>\r\n    \"@type\": \"PerformingGroup\",<br \/>\r\n    \"name\": \"Viaje a Finlandia\"<br \/>\r\n  },<br \/>\r\n  \"location\": {<br \/>\r\n    \"@type\": \"Place\",<br \/>\r\n    \"name\": \"Finlandia\",<br \/>\r\n    \"address\": {<br \/>\r\n      \"@type\": \"PostalAddress\",<br \/>\r\n      \"streetAddress\": \"\",<br \/>\r\n      \"addressLocality\": \"\",<br \/>\r\n      \"postalCode\": \"\",<br \/>\r\n      \"addressCountry\": \"FI\"<br \/>\r\n    }<br \/>\r\n  },<br \/>\r\n  \"offers\": [{<br \/>\r\n    \"@type\": \"Offer\",<br \/>\r\n    \"name\": \"Auroras Boreales en Finlandia\",<br \/>\r\n\t\"description\": \"Auroras Boreales en Saariselka con Ignasi Rovira\",<br \/>\r\n    \"price\": \"1.850\",<br \/>\r\n    \"priceCurrency\": \"EUR\",<br \/>\r\n    \"validFrom\": \"2018-08-01T00:00\",<br \/>\r\n    \"url\": \"https:\/\/tuaregviatges.es\/europa\/viajes_a_finlandia\/Auroras_Boreales_en_Saariselka_con_Juan_Carlos_Casado.htm\",<br \/>\r\n    \"availability\": \"http:\/\/schema.org\/PreOrder\"<br \/>\r\n  }]<br \/>\r\n}<br \/>\r\n<\/script><br \/><script type=\"application\/ld+json\"><br \/>\r\n{<br \/>\r\n  \"@context\": \"http:\/\/schema.org\",<br \/>\r\n  \"@type\": \"Event\",<br \/>\r\n  \"name\": \"Auroras Boreales Marzo\",<br \/>\r\n  \"description\": \"Auroras Boreales en Saariselka con Ignasi Rovira\",<br \/>\r\n  \"url\": \"https:\/\/tuaregviatges.es\/europa\/viajes_a_finlandia\/Auroras_Boreales_en_Saariselka_con_Juan_Carlos_Casado.htm\",<br \/>\r\n  \"image\": \"https:\/\/tuaregviatges.es\/europa\/viajes_a_finlandia\/thumbg\/viajes_a_Auroras_Boreales_en_Saariselka_con_Juan_Carlos_Casado-1.jpg\",<br \/>\r\n    \"startDate\": \"2019-03-16\",<br \/>\r\n  \"endDate\": \"2019-03-23\",<br \/>\r\n  \"performer\": {<br \/>\r\n    \"@type\": \"PerformingGroup\",<br \/>\r\n    \"name\": \"Viaje a Finlandia\"<br \/>\r\n  },<br \/>\r\n  \"location\": {<br \/>\r\n    \"@type\": \"Place\",<br \/>\r\n    \"name\": \"Finlandia\",<br \/>\r\n    \"address\": {<br \/>\r\n      \"@type\": \"PostalAddress\",<br \/>\r\n      \"streetAddress\": \"\",<br \/>\r\n      \"addressLocality\": \"\",<br \/>\r\n      \"postalCode\": \"\",<br \/>\r\n      \"addressCountry\": \"FI\"<br \/>\r\n    }<br \/>\r\n  },<br \/>\r\n  \"offers\": [{<br \/>\r\n    \"@type\": \"Offer\",<br \/>\r\n    \"name\": \"Auroras Boreales Marzo\",<br \/>\r\n\t\"description\": \"Auroras Boreales en Saariselka con Ignasi Rovira\",<br \/>\r\n    \"price\": \"1.850\",<br \/>\r\n    \"priceCurrency\": \"EUR\",<br \/>\r\n    \"validFrom\": \"2018-08-01T00:00\",<br \/>\r\n    \"url\": \"https:\/\/tuaregviatges.es\/europa\/viajes_a_finlandia\/Auroras_Boreales_en_Saariselka_con_Juan_Carlos_Casado.htm\",<br \/>\r\n    \"availability\": \"http:\/\/schema.org\/PreOrder\"<br \/>\r\n  }]<br \/>\r\n}<br \/>\r\n<\/script><br \/><script type=\"application\/ld+json\"><br \/>\r\n{<br \/>\r\n  \"@context\": \"http:\/\/schema.org\",<br \/>\r\n  \"@type\": \"Event\",<br \/>\r\n  \"name\": \"Senderismo Finlandia\",<br \/>\r\n  \"description\": \"Senderismo en la frontera rusa\",<br \/>\r\n  \"url\": \"https:\/\/tuaregviatges.es\/europa\/viajes_a_finlandia\/Senderismo_en_la_frontera_rusa-1.htm\",<br \/>\r\n  \"image\": \"https:\/\/tuaregviatges.es\/europa\/viajes_a_finlandia\/thumbg\/viajes_a_Senderismo_en_la_frontera_rusa-1-1.jpg\",<br \/>\r\n    \"startDate\": \"2019-08-01\",<br \/>\r\n  \"endDate\": \"2019-09-30\",<br \/>\r\n  \"performer\": {<br \/>\r\n    \"@type\": \"PerformingGroup\",<br \/>\r\n    \"name\": \"Viaje a Finlandia\"<br \/>\r\n  },<br \/>\r\n  \"location\": {<br \/>\r\n    \"@type\": \"Place\",<br \/>\r\n    \"name\": \"Finlandia\",<br \/>\r\n    \"address\": {<br \/>\r\n      \"@type\": \"PostalAddress\",<br \/>\r\n      \"streetAddress\": \"\",<br \/>\r\n      \"addressLocality\": \"\",<br \/>\r\n      \"postalCode\": \"\",<br \/>\r\n      \"addressCountry\": \"FI\"<br \/>\r\n    }<br \/>\r\n  },<br \/>\r\n  \"offers\": [{<br \/>\r\n    \"@type\": \"Offer\",<br \/>\r\n    \"name\": \"Senderismo Finlandia\",<br \/>\r\n\t\"description\": \"Senderismo en la frontera rusa\",<br \/>\r\n    \"price\": \"1.000\",<br \/>\r\n    \"priceCurrency\": \"EUR\",<br \/>\r\n    \"validFrom\": \"2018-08-01T00:00\",<br \/>\r\n    \"url\": \"https:\/\/tuaregviatges.es\/europa\/viajes_a_finlandia\/Senderismo_en_la_frontera_rusa-1.htm\",<br \/>\r\n    \"availability\": \"http:\/\/schema.org\/PreOrder\"<br \/>\r\n  }]<br \/>\r\n}<br \/>\r\n<\/script><\/p>\r\n","protected":false},"excerpt":{"rendered":"<p>Los meses con menos horas de cielo nocturno en Finlandia son mayo, junio, julio y agosto y es cuando menos posibilidades hay de ver auroras boreales. La raz\u00f3n es muy sencilla, hay demasiadas horas de luz. A medida que llega el fr\u00edo las noches se hacen m\u00e1s largas y la situaci\u00f3n se revierte.\u00a0A finales de [&hellip;]<\/p>\n","protected":false},"author":1,"featured_media":0,"parent":0,"menu_order":0,"comment_status":"closed","ping_status":"closed","template":"","meta":{"footnotes":""},"class_list":["post-8046","page","type-page","status-publish","hentry"],"_links":{"self":[{"href":"https:\/\/tuaregviatges.es\/viajes\/wp-json\/wp\/v2\/pages\/8046","targetHints":{"allow":["GET"]}}],"collection":[{"href":"https:\/\/tuaregviatges.es\/viajes\/wp-json\/wp\/v2\/pages"}],"about":[{"href":"https:\/\/tuaregviatges.es\/viajes\/wp-json\/wp\/v2\/types\/page"}],"author":[{"embeddable":true,"href":"https:\/\/tuaregviatges.es\/viajes\/wp-json\/wp\/v2\/users\/1"}],"replies":[{"embeddable":true,"href":"https:\/\/tuaregviatges.es\/viajes\/wp-json\/wp\/v2\/comments?post=8046"}],"version-history":[{"count":7,"href":"https:\/\/tuaregviatges.es\/viajes\/wp-json\/wp\/v2\/pages\/8046\/revisions"}],"predecessor-version":[{"id":8354,"href":"https:\/\/tuaregviatges.es\/viajes\/wp-json\/wp\/v2\/pages\/8046\/revisions\/8354"}],"wp:attachment":[{"href":"https:\/\/tuaregviatges.es\/viajes\/wp-json\/wp\/v2\/media?parent=8046"}],"curies":[{"name":"wp","href":"https:\/\/api.w.org\/{rel}","templated":true}]}}